{"id":14,"date":"2019-01-29T14:39:56","date_gmt":"2019-01-29T14:39:56","guid":{"rendered":"https:\/\/dituria.al\/changing-perceptions-through-literature\/?page_id=14"},"modified":"2023-11-08T08:52:55","modified_gmt":"2023-11-08T08:52:55","slug":"homepage","status":"publish","type":"page","link":"https:\/\/dituria.al\/changing-perceptions-through-literature\/","title":{"rendered":"Homepage"},"content":{"rendered":"<section class=\"wpb-content-wrapper\"><p>[vc_row full_width=&#8221;stretch_row_content_no_spaces&#8221; css=&#8221;.vc_custom_1670676277770{margin-bottom: 0px !important;background-color: #ffffff !important;background-position: center !important;background-repeat: no-repeat !important;background-size: cover !important;}&#8221;][vc_column css=&#8221;.vc_custom_1670500327016{background-color: #f4f4f4 !important;}&#8221;][vc_custom_heading text=&#8221;Ndryshimi i perceptimeve p\u00ebrmes let\u00ebrsis\u00eb&#8221; font_container=&#8221;tag:h1|font_size:40px|text_align:center|color:%23dd0606&#8243; google_fonts=&#8221;font_family:Montserrat%3Aregular%2C700|font_style:400%20regular%3A400%3Anormal&#8221;][vc_custom_heading text=&#8221;Changing Perceptions Through Literature&#8221; font_container=&#8221;tag:h3|text_align:center|color:%230a0a0a&#8221; use_theme_fonts=&#8221;yes&#8221;][vc_single_image image=&#8221;5778&#8243; img_size=&#8221;full&#8221; alignment=&#8221;center&#8221; css_animation=&#8221;none&#8221;][vc_row_inner css=&#8221;.vc_custom_1670842936586{margin-top: 10px !important;}&#8221;][vc_column_inner width=&#8221;1\/5&#8243; offset=&#8221;vc_hidden-sm vc_hidden-xs&#8221;][\/vc_column_inner][vc_column_inner width=&#8221;1\/5&#8243; offset=&#8221;vc_hidden-sm vc_hidden-xs&#8221;][\/vc_column_inner][vc_column_inner width=&#8221;1\/5&#8243;][vc_btn title=&#8221;M\u00eb tep\u00ebr&#8221; shape=&#8221;square&#8221; color=&#8221;danger&#8221; align=&#8221;center&#8221; css_animation=&#8221;none&#8221; button_block=&#8221;true&#8221; link=&#8221;url:http%3A%2F%2Fdituria.al%2Fstories-of-human-fate%2Frreth-projektit|||&#8221; css=&#8221;.vc_custom_1670676402134{margin-left: 0px !important;border-left-width: 0px !important;padding-left: 0px !important;}&#8221;][\/vc_column_inner][vc_column_inner width=&#8221;1\/5&#8243;][\/vc_column_inner][vc_column_inner width=&#8221;1\/5&#8243;][\/vc_column_inner][\/vc_row_inner][\/vc_column][\/vc_row][vc_row full_width=&#8221;stretch_row&#8221; content_placement=&#8221;middle&#8221; disable_element=&#8221;yes&#8221; css=&#8221;.vc_custom_1671030035255{margin-top: 30px !important;border-top-width: 30px !important;background-color: #ffffff !important;}&#8221;][vc_column][vc_column_text css=&#8221;.vc_custom_1670855256730{margin-top: 30px !important;margin-bottom: 30px !important;}&#8221;][rev_slider alias=&#8221;home&#8221;][\/rev_slider][\/vc_column_text][\/vc_column][\/vc_row][vc_row full_width=&#8221;stretch_row&#8221; disable_element=&#8221;yes&#8221;][vc_column css=&#8221;.vc_custom_1670677494074{margin-top: 10px !important;}&#8221;][vc_custom_heading text=&#8221;Foto nga aktivitetet&#8221; font_container=&#8221;tag:h2|font_size:26px|text_align:center|color:%23000000&#8243; google_fonts=&#8221;font_family:Montserrat%3Aregular%2C700|font_style:400%20regular%3A400%3Anormal&#8221;][vc_media_grid element_width=&#8221;3&#8243; item=&#8221;4706&#8243; grid_id=&#8221;vc_gid:1699433434388-e92028ef-aac1-2&#8243; include=&#8221;83,84,85,86,87,88,89,90,91,92,93,94,95,96,97&#8243;][vc_separator style=&#8221;dashed&#8221; css=&#8221;.vc_custom_1670682481004{margin-bottom: 50px !important;}&#8221;][\/vc_column][\/vc_row][vc_row full_width=&#8221;stretch_row&#8221; css=&#8221;.vc_custom_1670682657037{background: #ed1c24 url(http:\/\/demo.toko.press\/bookie\/standard\/wp-content\/uploads\/2011\/05\/banner.jpg?id=2593) !important;background-position: center !important;background-repeat: no-repeat !important;background-size: cover !important;}&#8221; el_class=&#8221;home-cta&#8221;][vc_column]\n\t<div class=\"toko-cta text-center\">\n\t\t\t\t\t\n\t\t    \t\t        <h2 class=\"toko-cta-title\">Shikoni t\u00eb gjith\u00eb librat tan\u00eb<\/h2>\n\t\t    \t\t\n        \t        <a href=\"https:\/\/dituria.al\/changing-perceptions-through-literature\/?page_id=62\" class=\"toko-cta-link\">M\u00eb tep\u00ebr<\/a>\n\t        <\/div>\n\n\t[\/vc_column][\/vc_row][vc_row full_width=&#8221;stretch_row&#8221; css=&#8221;.vc_custom_1670683238391{margin-bottom: 0px !important;padding-top: 0px !important;padding-bottom: 0px !important;background-color: #ffffff !important;}&#8221;][vc_column][vc_separator style=&#8221;dashed&#8221;][vc_custom_heading text=&#8221;Blog&#8221; font_container=&#8221;tag:h2|font_size:26px|text_align:center|color:%23000000&#8243; google_fonts=&#8221;font_family:Montserrat%3Aregular%2C700|font_style:400%20regular%3A400%3Anormal&#8221;][vc_basic_grid post_type=&#8221;post&#8221; max_items=&#8221;4&#8243; style=&#8221;pagination&#8221; items_per_page=&#8221;4&#8243; element_width=&#8221;6&#8243; paging_design=&#8221;none&#8221; item=&#8221;4695&#8243; grid_id=&#8221;vc_gid:1699433434389-be6f0adc-4bdf-5&#8243; css=&#8221;.vc_custom_1670799420061{margin-top: 10px !important;margin-right: 10px !important;margin-bottom: 30px !important;margin-left: 10px !important;}&#8221;][\/vc_column][\/vc_row]<\/p>\n<\/section>","protected":false},"excerpt":{"rendered":"<p>[vc_row full_width=&#8221;stretch_row_content_no_spaces&#8221; css=&#8221;.vc_custom_1670676277770{margin-bottom: 0px !important;background-color: #ffffff !important;background-position: center !important;background-repeat: no-repeat !important;background-size: cover !important;}&#8221;][vc_column css=&#8221;.vc_custom_1670500327016{background-color: #f4f4f4 !important;}&#8221;][vc_custom_heading text=&#8221;Ndryshimi i perceptimeve p\u00ebrmes let\u00ebrsis\u00eb&#8221; font_container=&#8221;tag:h1|font_size:40px|text_align:center|color:%23dd0606&#8243; google_fonts=&#8221;font_family:Montserrat%3Aregular%2C700|font_style:400%20regular%3A400%3Anormal&#8221;][vc_custom_heading text=&#8221;Changing Perceptions Through Literature&#8221; font_container=&#8221;tag:h3|text_align:center|color:%230a0a0a&#8221; use_theme_fonts=&#8221;yes&#8221;][vc_single_image image=&#8221;5778&#8243; img_size=&#8221;full&#8221; alignment=&#8221;center&#8221; css_animation=&#8221;none&#8221;][vc_row_inner css=&#8221;.vc_custom_1670842936586{margin-top: 10px !important;}&#8221;][vc_column_inner width=&#8221;1\/5&#8243; offset=&#8221;vc_hidden-sm vc_hidden-xs&#8221;][\/vc_column_inner][vc_column_inner width=&#8221;1\/5&#8243; offset=&#8221;vc_hidden-sm vc_hidden-xs&#8221;][\/vc_column_inner][vc_column_inner width=&#8221;1\/5&#8243;][vc_btn title=&#8221;M\u00eb tep\u00ebr&#8221; shape=&#8221;square&#8221; color=&#8221;danger&#8221; align=&#8221;center&#8221; css_animation=&#8221;none&#8221; button_block=&#8221;true&#8221; link=&#8221;url:http%3A%2F%2Fdituria.al%2Fstories-of-human-fate%2Frreth-projektit|||&#8221; css=&#8221;.vc_custom_1670676402134{margin-left: 0px !important;border-left-width: 0px [&hellip;]<\/p>\n","protected":false},"author":1,"featured_media":0,"parent":0,"menu_order":0,"comment_status":"closed","ping_status":"closed","template":"page_visual_composer.php","meta":{"_acf_changed":false,"footnotes":""},"class_list":["post-14","page","type-page","status-publish","entry"],"acf":[],"_links":{"self":[{"href":"https:\/\/dituria.al\/changing-perceptions-through-literature\/wp-json\/wp\/v2\/pages\/14","targetHints":{"allow":["GET"]}}],"collection":[{"href":"https:\/\/dituria.al\/changing-perceptions-through-literature\/wp-json\/wp\/v2\/pages"}],"about":[{"href":"https:\/\/dituria.al\/changing-perceptions-through-literature\/wp-json\/wp\/v2\/types\/page"}],"author":[{"embeddable":true,"href":"https:\/\/dituria.al\/changing-perceptions-through-literature\/wp-json\/wp\/v2\/users\/1"}],"replies":[{"embeddable":true,"href":"https:\/\/dituria.al\/changing-perceptions-through-literature\/wp-json\/wp\/v2\/comments?post=14"}],"version-history":[{"count":140,"href":"https:\/\/dituria.al\/changing-perceptions-through-literature\/wp-json\/wp\/v2\/pages\/14\/revisions"}],"predecessor-version":[{"id":5779,"href":"https:\/\/dituria.al\/changing-perceptions-through-literature\/wp-json\/wp\/v2\/pages\/14\/revisions\/5779"}],"wp:attachment":[{"href":"https:\/\/dituria.al\/changing-perceptions-through-literature\/wp-json\/wp\/v2\/media?parent=14"}],"curies":[{"name":"wp","href":"https:\/\/api.w.org\/{rel}","templated":true}]}}