{"id":5651,"date":"2023-10-27T09:21:16","date_gmt":"2023-10-27T09:21:16","guid":{"rendered":"https:\/\/dituria.al\/changing-perceptions-through-literature\/?page_id=5651"},"modified":"2023-10-27T09:33:51","modified_gmt":"2023-10-27T09:33:51","slug":"perkthyes","status":"publish","type":"page","link":"https:\/\/dituria.al\/changing-perceptions-through-literature\/perkthyes\/","title":{"rendered":"P\u00ebrkthyes"},"content":{"rendered":"<section class=\"wpb-content-wrapper\"><p>[vc_row][vc_column][vc_column_text]<\/p>\n<figure class=\"wp-block-image size-large\"><img loading=\"lazy\" decoding=\"async\" width=\"1024\" height=\"594\" class=\"wp-image-5652\" src=\"https:\/\/dituria.al\/changing-perceptions-through-literature\/wp-content\/uploads\/2023\/10\/logo_flamuj-1024x594.png\" alt=\"\" srcset=\"https:\/\/dituria.al\/changing-perceptions-through-literature\/wp-content\/uploads\/2023\/10\/logo_flamuj-1024x594.png 1024w, https:\/\/dituria.al\/changing-perceptions-through-literature\/wp-content\/uploads\/2023\/10\/logo_flamuj-600x348.png 600w, https:\/\/dituria.al\/changing-perceptions-through-literature\/wp-content\/uploads\/2023\/10\/logo_flamuj-150x87.png 150w, https:\/\/dituria.al\/changing-perceptions-through-literature\/wp-content\/uploads\/2023\/10\/logo_flamuj-768x446.png 768w, https:\/\/dituria.al\/changing-perceptions-through-literature\/wp-content\/uploads\/2023\/10\/logo_flamuj.png 1072w\" sizes=\"auto, (max-width: 1024px) 100vw, 1024px\" \/><\/figure>\n\n<p align=\"justify\">T\u00cb NDERUAR BOTUES, KOLEG\u00cb,<\/p>\n\n<p>Sa her\u00eb p\u00ebrpara nj\u00eb libri t\u00eb ri t\u00eb let\u00ebrsis\u00eb s\u00eb huaj, kemi pyetur veten n\u00ebse kemi ndonj\u00eb p\u00ebrkthyes t\u00eb gatsh\u00ebm, i provuar e me p\u00ebrvoj\u00eb n\u00eb p\u00ebrkthime, ose p\u00ebr p\u00ebrkthyes nga gjuh\u00eb t\u00eb ashtuquajtura t\u00eb vogla, ose m\u00eb sakt\u00eb me m\u00eb pak p\u00ebrdorues. \u00cbsht\u00eb nj\u00eb problem me t\u00eb cilin hasemi shpesh n\u00eb biznesin ton\u00eb kulturor. P\u00ebrkthyesit jan\u00eb aleat\u00ebt tan\u00eb m\u00eb t\u00eb vyer n\u00eb botimin e let\u00ebrsis\u00eb s\u00eb huaj.<\/p>\n\n<p>P\u00ebr k\u00ebt\u00eb arsye, baza e t\u00eb dh\u00ebnave, e nd\u00ebrtuar nga Dituria, n\u00eb kuad\u00ebr t\u00eb projektit europian \u201cNdryshimi i perceptimeve p\u00ebrmes let\u00ebrsis\u00eb\u201d do t\u00eb jet\u00eb nj\u00eb ndihm\u00eb e madhe. Kjo baz\u00eb t\u00eb dh\u00ebnash, e botuar n\u00eb faqen ton\u00eb profesionale t\u00eb projektit, mund t\u00eb shfryt\u00ebzohet lirisht dhe pa pages\u00eb. Ajo p\u00ebrmban rreth 600 emra p\u00ebrkthyesish, thuajse t\u00eb gjitha gjuh\u00ebt nga p\u00ebrkthejn\u00eb, dy tituj nga librat q\u00eb kan\u00eb p\u00ebrkthyer etj. Baza nuk p\u00ebrmban (ose jemi p\u00ebrpjekur) t\u00eb dh\u00ebna p\u00ebr p\u00ebrkthyes q\u00eb jan\u00eb ndar\u00eb nga jeta, duke pasur si q\u00ebllim kryesor t\u00eb jet\u00eb nj\u00eb ndihm\u00eb aktuale p\u00ebr botuesit.<\/p>\n\n<p>Jeni t\u00eb lutur q\u00eb t\u00eb jepni kontributin tuaj si p\u00ebr p\u00ebrdit\u00ebsimin, por edhe p\u00ebr sakt\u00ebsimin e baz\u00ebs, e cila do t\u00eb jet\u00eb n\u00eb p\u00ebrdit\u00ebsim t\u00eb vijuesh\u00ebm. Baza \u00ebsht\u00eb leht\u00ebsisht e p\u00ebrdorshme, p\u00ebrmes k\u00ebrkimit, sipas gjuh\u00ebve, sipas emrave t\u00eb p\u00ebrkthyesve, sipas titujve t\u00eb librave t\u00eb p\u00ebrfshir\u00eb etj.<\/p>\n\n<p>N\u00eb k\u00ebt\u00eb m\u00ebnyr\u00eb ju mund t\u00eb kontaktoni shum\u00eb p\u00ebrkthyes me nj\u00eb klikim t\u00eb vet\u00ebm!<\/p>\n\n<p>SH\u00cbNIM P\u00cbR P\u00cbRKTHYESIT<\/p>\n\n<p>Koleg\u00eb p\u00ebrkthyes: n\u00ebse nuk d\u00ebshironi m\u00eb t\u00eb listoheni n\u00eb baz\u00ebn ton\u00eb t\u00eb t\u00eb dh\u00ebnave, ju lutemi na njoftoni n\u00eb adres\u00ebn\u00a0<a href=\"mailto:mymeri@dituria.al\" target=\"_blank\" rel=\"noreferrer noopener\">mymeri@dituria.al<\/a>. Emri dhe t\u00eb dh\u00ebnat tuaja do t\u00eb hiqen menj\u00ebher\u00eb.<\/p>\n<p>Nd\u00ebrkaq, n\u00ebse d\u00ebshironi t\u00eb shtoni t\u00eb dh\u00ebnat tuaja n\u00eb baz\u00ebn e t\u00eb dh\u00ebnave, jeni t\u00eb mir\u00ebpritur ta b\u00ebni k\u00ebt\u00eb, duke na d\u00ebrguar nj\u00eb njoftim po n\u00eb k\u00ebt\u00eb adres\u00eb.<\/p>\n<p>Klikoni p\u00ebr t\u00eb lexuar:\u00a0<span style=\"color: #0000ff;\"><a style=\"color: #0000ff;\" href=\"https:\/\/dituria.al\/changing-perceptions-through-literature\/baza-e-te-dhenave-te-gjitha-gjuhet\/\" data-type=\"URL\" data-id=\"https:\/\/dituria.al\/changing-perceptions-through-literature\/baza-e-te-dhenave-te-gjitha-gjuhet\/\">Baza e t\u00eb dh\u00ebnave t\u00eb gjitha gjuh\u00ebt<\/a><\/span><\/p>\n<p><br \/>\u00a0<\/p>\n<p>[\/vc_column_text][\/vc_column][\/vc_row]<\/p>\n<\/section>","protected":false},"excerpt":{"rendered":"<p>[vc_row][vc_column][vc_column_text] T\u00cb NDERUAR BOTUES, KOLEG\u00cb, Sa her\u00eb p\u00ebrpara nj\u00eb libri t\u00eb ri t\u00eb let\u00ebrsis\u00eb s\u00eb huaj, kemi pyetur veten n\u00ebse kemi ndonj\u00eb p\u00ebrkthyes t\u00eb gatsh\u00ebm, i provuar e me p\u00ebrvoj\u00eb n\u00eb p\u00ebrkthime, ose p\u00ebr p\u00ebrkthyes nga gjuh\u00eb t\u00eb ashtuquajtura t\u00eb vogla, ose m\u00eb sakt\u00eb me m\u00eb pak p\u00ebrdorues. \u00cbsht\u00eb nj\u00eb problem me t\u00eb cilin hasemi [&hellip;]<\/p>\n","protected":false},"author":1,"featured_media":0,"parent":0,"menu_order":0,"comment_status":"closed","ping_status":"closed","template":"","meta":{"_acf_changed":false,"footnotes":""},"class_list":["post-5651","page","type-page","status-publish","entry"],"acf":[],"_links":{"self":[{"href":"https:\/\/dituria.al\/changing-perceptions-through-literature\/wp-json\/wp\/v2\/pages\/5651","targetHints":{"allow":["GET"]}}],"collection":[{"href":"https:\/\/dituria.al\/changing-perceptions-through-literature\/wp-json\/wp\/v2\/pages"}],"about":[{"href":"https:\/\/dituria.al\/changing-perceptions-through-literature\/wp-json\/wp\/v2\/types\/page"}],"author":[{"embeddable":true,"href":"https:\/\/dituria.al\/changing-perceptions-through-literature\/wp-json\/wp\/v2\/users\/1"}],"replies":[{"embeddable":true,"href":"https:\/\/dituria.al\/changing-perceptions-through-literature\/wp-json\/wp\/v2\/comments?post=5651"}],"version-history":[{"count":3,"href":"https:\/\/dituria.al\/changing-perceptions-through-literature\/wp-json\/wp\/v2\/pages\/5651\/revisions"}],"predecessor-version":[{"id":5656,"href":"https:\/\/dituria.al\/changing-perceptions-through-literature\/wp-json\/wp\/v2\/pages\/5651\/revisions\/5656"}],"wp:attachment":[{"href":"https:\/\/dituria.al\/changing-perceptions-through-literature\/wp-json\/wp\/v2\/media?parent=5651"}],"curies":[{"name":"wp","href":"https:\/\/api.w.org\/{rel}","templated":true}]}}