{"id":62,"date":"2019-02-01T12:13:49","date_gmt":"2019-02-01T12:13:49","guid":{"rendered":"https:\/\/dituria.al\/changing-perceptions-through-literature\/?page_id=62"},"modified":"2022-12-11T00:06:51","modified_gmt":"2022-12-11T00:06:51","slug":"our-books-collection","status":"publish","type":"page","link":"https:\/\/dituria.al\/changing-perceptions-through-literature\/our-books-collection\/","title":{"rendered":"Librat"},"content":{"rendered":"<section class=\"wpb-content-wrapper\"><p>[vc_row][vc_column]<div class=\"woocommerce columns-3 \"><ul class=\"products columns-3\">\n<li class=\"product type-product post-6059 status-publish first instock product_cat-uncategorized has-post-thumbnail shipping-taxable product-type-simple\">\n\t<a href=\"https:\/\/dituria.al\/changing-perceptions-through-literature\/product\/vera-kur-ime-me-i-kishte-syte-jeshile\/\" class=\"woocommerce-LoopProduct-link woocommerce-loop-product__link\"><img loading=\"lazy\" decoding=\"async\" width=\"300\" height=\"436\" src=\"https:\/\/dituria.al\/changing-perceptions-through-literature\/wp-content\/uploads\/2023\/11\/vera-kur-ime-me-i-kishte-syte-jeshile-300x436.png\" class=\"attachment-woocommerce_thumbnail size-woocommerce_thumbnail\" alt=\"VERA KUR IME M\u00cb I KISHTE SYT\u00cb JESHIL\u00cb\" \/><h2 class=\"woocommerce-loop-product__title\">VERA KUR IME M\u00cb I KISHTE SYT\u00cb JESHIL\u00cb<\/h2><span class=\"person-name vcard\">Tatiana Tibuleac<\/span>\n<\/a><\/li>\n<li class=\"product type-product post-5879 status-publish instock product_cat-librat has-post-thumbnail shipping-taxable product-type-simple\">\n\t<a href=\"https:\/\/dituria.al\/changing-perceptions-through-literature\/product\/celestja-planeti-im\/\" class=\"woocommerce-LoopProduct-link woocommerce-loop-product__link\"><img loading=\"lazy\" decoding=\"async\" width=\"300\" height=\"436\" src=\"https:\/\/dituria.al\/changing-perceptions-through-literature\/wp-content\/uploads\/2023\/11\/celestja-planeti-im-300x436.png\" class=\"attachment-woocommerce_thumbnail size-woocommerce_thumbnail\" alt=\"\u00c7ELESTJA, PLANETI IM\" \/><h2 class=\"woocommerce-loop-product__title\">\u00c7ELESTJA, PLANETI IM<\/h2><span class=\"person-name vcard\">Timoth\u00e9e de Fombelle<\/span>\n<\/a><\/li>\n<li class=\"product type-product post-5875 status-publish last instock product_cat-librat has-post-thumbnail shipping-taxable product-type-simple\">\n\t<a href=\"https:\/\/dituria.al\/changing-perceptions-through-literature\/product\/sinfonia-incompiuta\/\" class=\"woocommerce-LoopProduct-link woocommerce-loop-product__link\"><img loading=\"lazy\" decoding=\"async\" width=\"300\" height=\"436\" src=\"https:\/\/dituria.al\/changing-perceptions-through-literature\/wp-content\/uploads\/2023\/11\/sinfonia-incompiuta-300x436.png\" class=\"attachment-woocommerce_thumbnail size-woocommerce_thumbnail\" alt=\"SINFONIA INCOMPIUTA\" \/><h2 class=\"woocommerce-loop-product__title\">SINFONIA INCOMPIUTA<\/h2><span class=\"person-name vcard\">Grigor Banushi<\/span>\n<\/a><\/li>\n<li class=\"product type-product post-5866 status-publish first instock product_cat-librat has-post-thumbnail shipping-taxable product-type-simple\">\n\t<a href=\"https:\/\/dituria.al\/changing-perceptions-through-literature\/product\/5866\/\" class=\"woocommerce-LoopProduct-link woocommerce-loop-product__link\"><img loading=\"lazy\" decoding=\"async\" width=\"300\" height=\"436\" src=\"https:\/\/dituria.al\/changing-perceptions-through-literature\/wp-content\/uploads\/2023\/11\/Nga-asnjera-ane-300x436.png\" class=\"attachment-woocommerce_thumbnail size-woocommerce_thumbnail\" alt=\"NGA ASNJ\u00cbRA AN\u00cb\" \/><h2 class=\"woocommerce-loop-product__title\">NGA ASNJ\u00cbRA AN\u00cb<\/h2><span class=\"person-name vcard\">Julia Navarro<\/span>\n<\/a><\/li>\n<li class=\"product type-product post-5453 status-publish instock product_cat-librat has-post-thumbnail shipping-taxable product-type-simple\">\n\t<a href=\"https:\/\/dituria.al\/changing-perceptions-through-literature\/product\/mbreti-kembebretkose-dhe-perralla-te-tjera\/\" class=\"woocommerce-LoopProduct-link woocommerce-loop-product__link\"><img loading=\"lazy\" decoding=\"async\" width=\"300\" height=\"436\" src=\"https:\/\/dituria.al\/changing-perceptions-through-literature\/wp-content\/uploads\/2023\/07\/Mbreti-kembebretkose-1-300x436.png\" class=\"attachment-woocommerce_thumbnail size-woocommerce_thumbnail\" alt=\"MBRETI K\u00cbMB\u00cbBRETKOS\u00cb DHE P\u00cbRRALLA T\u00cb TJERA\" \/><h2 class=\"woocommerce-loop-product__title\">MBRETI K\u00cbMB\u00cbBRETKOS\u00cb DHE P\u00cbRRALLA T\u00cb TJERA<\/h2><span class=\"person-name vcard\">Janneke Schotveld<\/span>\n<\/a><\/li>\n<li class=\"product type-product post-5363 status-publish last instock product_cat-uncategorized has-post-thumbnail shipping-taxable product-type-simple\">\n\t<a href=\"https:\/\/dituria.al\/changing-perceptions-through-literature\/product\/te-pandarat\/\" class=\"woocommerce-LoopProduct-link woocommerce-loop-product__link\"><img loading=\"lazy\" decoding=\"async\" width=\"300\" height=\"436\" src=\"https:\/\/dituria.al\/changing-perceptions-through-literature\/wp-content\/uploads\/2023\/05\/Te-pandarat-2-300x436.png\" class=\"attachment-woocommerce_thumbnail size-woocommerce_thumbnail\" alt=\"T\u00cb PANDARAT\" \/><h2 class=\"woocommerce-loop-product__title\">T\u00cb PANDARAT<\/h2><span class=\"person-name vcard\">Simone de Beauvoir<\/span>\n<\/a><\/li>\n<li class=\"product type-product post-5297 status-publish first instock product_cat-librat has-post-thumbnail shipping-taxable product-type-simple\">\n\t<a href=\"https:\/\/dituria.al\/changing-perceptions-through-literature\/product\/katitzi-ne-gropen-e-gjarperinjve\/\" class=\"woocommerce-LoopProduct-link woocommerce-loop-product__link\"><img loading=\"lazy\" decoding=\"async\" width=\"300\" height=\"436\" src=\"https:\/\/dituria.al\/changing-perceptions-through-literature\/wp-content\/uploads\/2023\/05\/Katitzi-ne-groppn-e-gjarperinjve-300x436.png\" class=\"attachment-woocommerce_thumbnail size-woocommerce_thumbnail\" alt=\"KATITZI N\u00cb GROP\u00cbN E GJARP\u00cbRINJVE\" \/><h2 class=\"woocommerce-loop-product__title\">KATITZI N\u00cb GROP\u00cbN E GJARP\u00cbRINJVE<\/h2><span class=\"person-name vcard\">Katarina Taikon<\/span>\n<\/a><\/li>\n<li class=\"product type-product post-5126 status-publish instock product_cat-librat has-post-thumbnail shipping-taxable product-type-simple\">\n\t<a href=\"https:\/\/dituria.al\/changing-perceptions-through-literature\/product\/gruaja-e-kolonelit\/\" class=\"woocommerce-LoopProduct-link woocommerce-loop-product__link\"><img loading=\"lazy\" decoding=\"async\" width=\"300\" height=\"436\" src=\"https:\/\/dituria.al\/changing-perceptions-through-literature\/wp-content\/uploads\/2023\/04\/gruaja-e-kolonelit-300x436.png\" class=\"attachment-woocommerce_thumbnail size-woocommerce_thumbnail\" alt=\"GRUAJA E KOLONELIT\" \/><h2 class=\"woocommerce-loop-product__title\">GRUAJA E KOLONELIT<\/h2><span class=\"person-name vcard\">Rosa Liksom<\/span>\n<\/a><\/li>\n<li class=\"product type-product post-5039 status-publish last instock product_cat-librat has-post-thumbnail shipping-taxable product-type-simple\">\n\t<a href=\"https:\/\/dituria.al\/changing-perceptions-through-literature\/product\/tri-rrefenja\/\" class=\"woocommerce-LoopProduct-link woocommerce-loop-product__link\"><img loading=\"lazy\" decoding=\"async\" width=\"300\" height=\"436\" src=\"https:\/\/dituria.al\/changing-perceptions-through-literature\/wp-content\/uploads\/2023\/02\/Tri-rrefenja-1-300x436.png\" class=\"attachment-woocommerce_thumbnail size-woocommerce_thumbnail\" alt=\"TRI RR\u00cbFENJA\" \/><h2 class=\"woocommerce-loop-product__title\">TRI RR\u00cbFENJA<\/h2><span class=\"person-name vcard\">Eugenio Carmi<\/span>\n<\/a><\/li>\n<li class=\"product type-product post-5026 status-publish first instock product_cat-librat has-post-thumbnail shipping-taxable product-type-simple\">\n\t<a href=\"https:\/\/dituria.al\/changing-perceptions-through-literature\/product\/babai-nuk-ka-me-frike-nga-te-huajt\/\" class=\"woocommerce-LoopProduct-link woocommerce-loop-product__link\"><img loading=\"lazy\" decoding=\"async\" width=\"300\" height=\"436\" src=\"https:\/\/dituria.al\/changing-perceptions-through-literature\/wp-content\/uploads\/2023\/02\/Babai-im-nuk-ka-me-frike-nga-te-huajt-300x436.png\" class=\"attachment-woocommerce_thumbnail size-woocommerce_thumbnail\" alt=\"BABAI IM NUK KA M\u00cb FRIK\u00cb NGA T\u00cb HUAJT\" \/><h2 class=\"woocommerce-loop-product__title\">BABAI IM NUK KA M\u00cb FRIK\u00cb NGA T\u00cb HUAJT<\/h2><span class=\"person-name vcard\">Rafik Schami<\/span>\n<\/a><\/li>\n<\/ul>\n<\/div>[\/vc_column][\/vc_row]<\/p>\n<\/section>","protected":false},"excerpt":{"rendered":"<p>[vc_row][vc_column][\/vc_column][\/vc_row]<\/p>\n","protected":false},"author":1,"featured_media":0,"parent":0,"menu_order":0,"comment_status":"closed","ping_status":"closed","template":"page_fullwidth_notitle.php","meta":{"_acf_changed":false,"footnotes":""},"class_list":["post-62","page","type-page","status-publish","entry"],"acf":[],"_links":{"self":[{"href":"https:\/\/dituria.al\/changing-perceptions-through-literature\/wp-json\/wp\/v2\/pages\/62","targetHints":{"allow":["GET"]}}],"collection":[{"href":"https:\/\/dituria.al\/changing-perceptions-through-literature\/wp-json\/wp\/v2\/pages"}],"about":[{"href":"https:\/\/dituria.al\/changing-perceptions-through-literature\/wp-json\/wp\/v2\/types\/page"}],"author":[{"embeddable":true,"href":"https:\/\/dituria.al\/changing-perceptions-through-literature\/wp-json\/wp\/v2\/users\/1"}],"replies":[{"embeddable":true,"href":"https:\/\/dituria.al\/changing-perceptions-through-literature\/wp-json\/wp\/v2\/comments?post=62"}],"version-history":[{"count":17,"href":"https:\/\/dituria.al\/changing-perceptions-through-literature\/wp-json\/wp\/v2\/pages\/62\/revisions"}],"predecessor-version":[{"id":4849,"href":"https:\/\/dituria.al\/changing-perceptions-through-literature\/wp-json\/wp\/v2\/pages\/62\/revisions\/4849"}],"wp:attachment":[{"href":"https:\/\/dituria.al\/changing-perceptions-through-literature\/wp-json\/wp\/v2\/media?parent=62"}],"curies":[{"name":"wp","href":"https:\/\/api.w.org\/{rel}","templated":true}]}}