{"id":5363,"date":"2023-05-22T09:52:12","date_gmt":"2023-05-22T09:52:12","guid":{"rendered":"https:\/\/dituria.al\/changing-perceptions-through-literature\/?post_type=product&#038;p=5363"},"modified":"2023-05-22T11:37:15","modified_gmt":"2023-05-22T11:37:15","slug":"te-pandarat","status":"publish","type":"product","link":"https:\/\/dituria.al\/changing-perceptions-through-literature\/product\/te-pandarat\/","title":{"rendered":"T\u00cb PANDARAT"},"content":{"rendered":"","protected":false},"excerpt":{"rendered":"<p>Simone de Beauvoir<br \/>\nP\u00ebrktheu: Diana \u00c7uli<br \/>\n160 faqe<br \/>\n\u00c7mimi 900 lek\u00eb<br \/>\n&#8220;T\u00eb pandarat&#8221; \u00ebsht\u00eb nj\u00eb roman i shkurt\u00ebr autobiografik q\u00eb ndjek me emocion miq\u00ebsin\u00eb pasionante midis Simone de Beauvoir-it (Silvia) dhe Zaz\u00ebs (Andre), q\u00eb nga takimi i tyre n\u00eb shkoll\u00eb, n\u00eb mes t\u00eb Luft\u00ebs s\u00eb Par\u00eb Bot\u00ebrore, deri n\u00eb vdekjen e Zaz\u00ebs m\u00eb 1929. Silvia, nga k\u00ebndv\u00ebshtrimi i s\u00eb cil\u00ebs rr\u00ebfehet ngjarja, joshet menj\u00ebher\u00eb nga Zaza, vajz\u00eb inteligjente dhe rebele: t\u00eb dyja do t\u00eb b\u00ebhen t\u00eb pandashme, pavar\u00ebsisht prej armiq\u00ebsis\u00eb s\u00eb familjes s\u00eb Andres\u00eb, pjes\u00eb e nj\u00eb dinastie t\u00eb madhe katolik\u00ebsh militant\u00eb. Por n\u00ebse miq\u00ebsia e tyre arrin t\u2019i shp\u00ebtoj\u00eb mjedisit shtyp\u00ebs ku Andre jeton, kjo nuk mund t\u00eb thuhet p\u00ebr vajz\u00ebn, e cila d\u00ebrrmohet n\u00ebn shtypjen e familjes. K\u00ebshtu, historia prek\u00ebse e nj\u00eb miq\u00ebsie kthehet edhe n\u00eb denoncim t\u00eb nj\u00eb shoq\u00ebrie fanatike dhe hipokrite, e paaft\u00eb t\u00eb pranoj\u00eb at\u00eb q\u00eb del nga kufijt\u00eb e meskinitetit t\u00eb saj mendjengusht\u00eb.<br \/>\nSimone de Beauvoir e shkroi k\u00ebt\u00eb roman, T\u00eb pandarat, n\u00eb vitin 1954 dhe, megjith\u00ebse vendosi t\u00eb mos e botonte, e ruajti dor\u00ebshkrimin, i cili m\u00eb n\u00eb fund u gjet dhe sot konsiderohet nj\u00eb zbulim i madh letrar: megjith\u00ebse Silvia\/Simone tenton n\u00eb k\u00ebt\u00eb histori t\u00eb b\u00ebhet nj\u00ebsh me shoqen, shfaqet qart\u00eb rrug\u00ebtimi i saj i ndrysh\u00ebm, q\u00eb do ta ndihmoj\u00eb jo vet\u00ebm t\u00eb shp\u00ebtoj\u00eb, por edhe t\u00eb b\u00ebhet nj\u00eb figur\u00eb themelore n\u00eb historin\u00eb e emancipimit t\u00eb gruas n\u00eb shekullin e nj\u00ebzet\u00eb.<\/p>\n","protected":false},"featured_media":5364,"template":"","meta":{"_acf_changed":false},"product_brand":[],"product_cat":[21],"product_tag":[],"class_list":{"0":"post-5363","1":"product","2":"type-product","3":"status-publish","4":"has-post-thumbnail","6":"book_author-simone-de-beauvoir","7":"product_cat-uncategorized","9":"first","10":"instock","11":"shipping-taxable","12":"product-type-simple"},"acf":[],"_links":{"self":[{"href":"https:\/\/dituria.al\/changing-perceptions-through-literature\/wp-json\/wp\/v2\/product\/5363","targetHints":{"allow":["GET"]}}],"collection":[{"href":"https:\/\/dituria.al\/changing-perceptions-through-literature\/wp-json\/wp\/v2\/product"}],"about":[{"href":"https:\/\/dituria.al\/changing-perceptions-through-literature\/wp-json\/wp\/v2\/types\/product"}],"wp:featuredmedia":[{"embeddable":true,"href":"https:\/\/dituria.al\/changing-perceptions-through-literature\/wp-json\/wp\/v2\/media\/5364"}],"wp:attachment":[{"href":"https:\/\/dituria.al\/changing-perceptions-through-literature\/wp-json\/wp\/v2\/media?parent=5363"}],"wp:term":[{"taxonomy":"product_brand","embeddable":true,"href":"https:\/\/dituria.al\/changing-perceptions-through-literature\/wp-json\/wp\/v2\/product_brand?post=5363"},{"taxonomy":"product_cat","embeddable":true,"href":"https:\/\/dituria.al\/changing-perceptions-through-literature\/wp-json\/wp\/v2\/product_cat?post=5363"},{"taxonomy":"product_tag","embeddable":true,"href":"https:\/\/dituria.al\/changing-perceptions-through-literature\/wp-json\/wp\/v2\/product_tag?post=5363"}],"curies":[{"name":"wp","href":"https:\/\/api.w.org\/{rel}","templated":true}]}}