{"id":5866,"date":"2023-11-10T12:50:07","date_gmt":"2023-11-10T12:50:07","guid":{"rendered":"https:\/\/dituria.al\/changing-perceptions-through-literature\/?post_type=product&#038;p=5866"},"modified":"2023-11-10T13:01:51","modified_gmt":"2023-11-10T13:01:51","slug":"5866","status":"publish","type":"product","link":"https:\/\/dituria.al\/changing-perceptions-through-literature\/product\/5866\/","title":{"rendered":"NGA ASNJ\u00cbRA AN\u00cb"},"content":{"rendered":"","protected":false},"excerpt":{"rendered":"<p>Julia Navarro<br \/>\nP\u00ebrktheu Flavia Kaba<br \/>\n392 faqe<br \/>\n\u00c7mimi 1400 lek\u00eb<br \/>\nLiban, dje. Abir Nasri \u00ebsht\u00eb ende adoleshent kur b\u00ebhet d\u00ebshmitar i vrasjes s\u00eb familjes s\u00eb tij gjat\u00eb nj\u00eb operacioni special t\u00eb ushtris\u00eb izraelite n\u00eb jug t\u00eb Libanit. Para trupave t\u00eb pajet\u00eb t\u00eb s\u00eb \u00ebm\u00ebs dhe motr\u00ebs s\u00eb vog\u00ebl, Abiri betohet se do t\u00eb marr\u00eb hak.<br \/>\nIzrael, sot. \u00c7do nat\u00eb, fjal\u00ebt k\u00ebrc\u00ebnuese t\u00eb Abirit i dalin n\u00eb \u00ebnd\u00ebrr Jakov Bodenit, nj\u00eb ushtar q\u00eb ka marr\u00eb pjes\u00eb n\u00eb at\u00eb operacion teksa kryente sh\u00ebrbimin e detyruar ushtarak, duke u p\u00ebrballur me situat\u00ebn e v\u00ebshtir\u00eb p\u00ebr t\u00eb luftuar me armiq q\u00eb n\u00eb fakt nuk i kishte zgjedhur kurr\u00eb. Jakovi, bir i dy prind\u00ebrve francez\u00eb, vazhdon t\u00eb ndihet si i huaj n\u00eb Izrael dhe p\u00ebrpiqet t\u00eb m\u00ebsohet me identitetin e ri, meq\u00eb nd\u00ebr vena i rrjedh gjak hebre&#8230;<br \/>\nParis, sot. Pas tragjedis\u00eb, Abiri shkon n\u00eb Paris t\u00eb jetoj\u00eb pran\u00eb t\u00eb af\u00ebrmve, ku \u00ebsht\u00eb i shtr\u00ebnguar t\u00eb p\u00ebrballet me dy bot\u00eb t\u00eb kund\u00ebrta. Nga nj\u00ebra an\u00eb familja e ngusht\u00eb, e mbyllur n\u00eb traditat m\u00eb t\u00eb rrepta, nga ana tjet\u00ebr shoq\u00ebria per\u00ebndimore e hapur, q\u00eb i ofron liri, e mish\u00ebruar nga dy gra: kush\u00ebrira e tij Nura, q\u00eb rebelohet ndaj autoritetit fanatik t\u00eb t\u00eb atit, dhe Mariona, nj\u00eb vajz\u00eb me t\u00eb cil\u00ebn Abiri bie marr\u00ebzisht n\u00eb dashuri.<br \/>\nAbiri dhe Jakovi do t\u00eb takohen p\u00ebrs\u00ebri, vite m\u00eb von\u00eb, n\u00ebn zjarrin e sulmeve t\u00eb nj\u00eb organizate islamike q\u00eb mbjell terror n\u00eb zem\u00ebr t\u00eb Europ\u00ebs. Viktima t\u00eb fantazmave t\u00eb s\u00eb kaluar\u00ebs dhe t\u00eb nj\u00eb urrejtjeje p\u00ebr t\u00eb cil\u00ebn nuk kan\u00eb faj, a do t\u00eb munden ata t\u00eb \u00e7lirohen nga kufizimet e imponuara prej tradit\u00ebs dhe t\u00eb zgjedhin nj\u00eb rrug\u00eb tjet\u00ebr?<br \/>\nNga asnj\u00ebra an\u00eb \u00ebsht\u00eb nj\u00eb udh\u00ebtim n\u00eb kufijt\u00eb e nd\u00ebrgjegjes s\u00eb dy burrave, q\u00eb jan\u00eb t\u00eb detyruar t\u00eb jetojn\u00eb sipas identiteteve q\u00eb nuk i kan\u00eb zgjedhur dhe prej t\u00eb cilave \u00ebsht\u00eb e v\u00ebshtir\u00eb t\u00eb shp\u00ebtosh&#8230;<br \/>\nNj\u00eb histori q\u00eb i ka rr\u00ebnj\u00ebt n\u00eb natyr\u00ebn njer\u00ebzore dhe n\u00eb drit\u00ebhijet e saj. Nj\u00eb roman drith\u00ebrues, i cili na fton t\u00eb reflektojm\u00eb p\u00ebr \u00e7do siguri ton\u00ebn.<\/p>\n","protected":false},"featured_media":5867,"template":"","meta":{"_acf_changed":false},"product_brand":[],"product_cat":[24],"product_tag":[],"class_list":{"0":"post-5866","1":"product","2":"type-product","3":"status-publish","4":"has-post-thumbnail","6":"book_author-julia-navarro","7":"product_cat-librat","9":"first","10":"instock","11":"shipping-taxable","12":"product-type-simple"},"acf":[],"_links":{"self":[{"href":"https:\/\/dituria.al\/changing-perceptions-through-literature\/wp-json\/wp\/v2\/product\/5866","targetHints":{"allow":["GET"]}}],"collection":[{"href":"https:\/\/dituria.al\/changing-perceptions-through-literature\/wp-json\/wp\/v2\/product"}],"about":[{"href":"https:\/\/dituria.al\/changing-perceptions-through-literature\/wp-json\/wp\/v2\/types\/product"}],"wp:featuredmedia":[{"embeddable":true,"href":"https:\/\/dituria.al\/changing-perceptions-through-literature\/wp-json\/wp\/v2\/media\/5867"}],"wp:attachment":[{"href":"https:\/\/dituria.al\/changing-perceptions-through-literature\/wp-json\/wp\/v2\/media?parent=5866"}],"wp:term":[{"taxonomy":"product_brand","embeddable":true,"href":"https:\/\/dituria.al\/changing-perceptions-through-literature\/wp-json\/wp\/v2\/product_brand?post=5866"},{"taxonomy":"product_cat","embeddable":true,"href":"https:\/\/dituria.al\/changing-perceptions-through-literature\/wp-json\/wp\/v2\/product_cat?post=5866"},{"taxonomy":"product_tag","embeddable":true,"href":"https:\/\/dituria.al\/changing-perceptions-through-literature\/wp-json\/wp\/v2\/product_tag?post=5866"}],"curies":[{"name":"wp","href":"https:\/\/api.w.org\/{rel}","templated":true}]}}