{"id":5875,"date":"2023-11-10T13:26:52","date_gmt":"2023-11-10T13:26:52","guid":{"rendered":"https:\/\/dituria.al\/changing-perceptions-through-literature\/?post_type=product&#038;p=5875"},"modified":"2023-11-10T14:56:58","modified_gmt":"2023-11-10T14:56:58","slug":"sinfonia-incompiuta","status":"publish","type":"product","link":"https:\/\/dituria.al\/changing-perceptions-through-literature\/product\/sinfonia-incompiuta\/","title":{"rendered":"SINFONIA INCOMPIUTA"},"content":{"rendered":"","protected":false},"excerpt":{"rendered":"<p>Editore: Besa Muci<br \/>\nTraduttore: Giovanna Nanci<br \/>\nPagine: 260 p.<br \/>\nPrezzo: 17,00 \u20ac<\/p>\n<p>Il protagonista di questo romanzo, Adrian Mara, rimasto senza padre in tenera et\u00e0, cresce in Albania con la madre italiana di origini ebraiche, la quale coltiva in lui la passione per la musica. La musica diventa la sua ragione di vita e la sua speranza di salvezza. Quando fugge in Francia, Adrian si realizza come direttore d\u2019orchestra e compositore, ma le ombre del passato lo perseguitano e non gli lasciano scampo. Il regime dittatoriale di Enver Hoxha fa da cornice a questo romanzo che d\u00e0 voce al dramma degli individui, ognuno nella sua unicit\u00e0 e tutti sotto la volta comune della storia. Destini che si intrecciano, coincidenze e fatalit\u00e0, fatti reali al limite dell\u2019irrealt\u00e0, confini labili tra realt\u00e0 storica e finzione letteraria. Di questo, e non solo, \u00e8 intessuto il thriller psicologico di Grigor Banushi, un vero inno alla vita e all\u2019amore.<\/p>\n","protected":false},"featured_media":5876,"template":"","meta":{"_acf_changed":false},"product_brand":[],"product_cat":[24],"product_tag":[],"class_list":{"0":"post-5875","1":"product","2":"type-product","3":"status-publish","4":"has-post-thumbnail","6":"book_author-grigor-banushi","7":"product_cat-librat","9":"first","10":"instock","11":"shipping-taxable","12":"product-type-simple"},"acf":[],"_links":{"self":[{"href":"https:\/\/dituria.al\/changing-perceptions-through-literature\/wp-json\/wp\/v2\/product\/5875","targetHints":{"allow":["GET"]}}],"collection":[{"href":"https:\/\/dituria.al\/changing-perceptions-through-literature\/wp-json\/wp\/v2\/product"}],"about":[{"href":"https:\/\/dituria.al\/changing-perceptions-through-literature\/wp-json\/wp\/v2\/types\/product"}],"wp:featuredmedia":[{"embeddable":true,"href":"https:\/\/dituria.al\/changing-perceptions-through-literature\/wp-json\/wp\/v2\/media\/5876"}],"wp:attachment":[{"href":"https:\/\/dituria.al\/changing-perceptions-through-literature\/wp-json\/wp\/v2\/media?parent=5875"}],"wp:term":[{"taxonomy":"product_brand","embeddable":true,"href":"https:\/\/dituria.al\/changing-perceptions-through-literature\/wp-json\/wp\/v2\/product_brand?post=5875"},{"taxonomy":"product_cat","embeddable":true,"href":"https:\/\/dituria.al\/changing-perceptions-through-literature\/wp-json\/wp\/v2\/product_cat?post=5875"},{"taxonomy":"product_tag","embeddable":true,"href":"https:\/\/dituria.al\/changing-perceptions-through-literature\/wp-json\/wp\/v2\/product_tag?post=5875"}],"curies":[{"name":"wp","href":"https:\/\/api.w.org\/{rel}","templated":true}]}}