{"id":5879,"date":"2023-11-10T15:11:37","date_gmt":"2023-11-10T15:11:37","guid":{"rendered":"https:\/\/dituria.al\/changing-perceptions-through-literature\/?post_type=product&#038;p=5879"},"modified":"2023-11-28T11:34:22","modified_gmt":"2023-11-28T11:34:22","slug":"celestja-planeti-im","status":"publish","type":"product","link":"https:\/\/dituria.al\/changing-perceptions-through-literature\/product\/celestja-planeti-im\/","title":{"rendered":"\u00c7ELESTJA, PLANETI IM"},"content":{"rendered":"","protected":false},"excerpt":{"rendered":"<p>Nga Timoth\u00e9e de Fombelle<br \/>\nP\u00ebrktheu Venera Domi<br \/>\n700 lek\u00eb<br \/>\n92 faqe<\/p>\n<p>Nj\u00eb histori dashurie mes dy t\u00eb rinjve? Nj\u00eb aventur\u00eb ekologjike? \u00cbsht\u00eb e v\u00ebshtir\u00eb ta fut\u00ebsh n\u00eb korniza k\u00ebt\u00eb roman t\u00eb shkurt\u00ebr t\u00eb De Fombelles, shkrimtarit francez, i cili tashm\u00eb ka fituar disa \u00e7mime t\u00eb r\u00ebnd\u00ebsishme n\u00eb Franc\u00eb dhe jasht\u00eb saj.<\/p>\n<p>N\u00eb nj\u00eb qytet t\u00eb s\u00eb ardhmes, q\u00eb rritet vet\u00ebm vertikalisht, jeton nj\u00eb djal\u00eb i ri q\u00eb ha, fle, shkon n\u00eb shkoll\u00eb, b\u00ebn detyrat e sht\u00ebpis\u00eb si bashk\u00ebmoshatar\u00ebt dhe prap\u00ebseprap\u00eb ndryshon nga t\u00eb tjer\u00ebt. Jeton gjithmon\u00eb i vet\u00ebm, sepse e \u00ebma, nj\u00eb grua n\u00eb karrier\u00eb, \u00ebsht\u00eb e z\u00ebn\u00eb nj\u00ebzet e pes\u00eb or\u00eb n\u00eb dit\u00eb duke drejtuar nj\u00eb nd\u00ebrmarrje t\u00eb st\u00ebrmadhe.<\/p>\n<p>Atij doemos q\u00eb nuk i mungon asgj\u00eb: frigoriferi po \u201cshembet\u201d nga blerjet online, mjafton t\u00eb hap\u00eb goj\u00eb dhe loj\u00ebrat elektronike t\u00eb fjal\u00ebs s\u00eb fundit i mb\u00ebrrijn\u00eb si me magji. Por ajo q\u00eb i mungon \u00ebsht\u00eb di\u00e7ka tjet\u00ebr&#8230;<\/p>\n<p>P\u00ebr fat t\u00eb mir\u00eb ka Brisin, nj\u00eb shok t\u00eb dashur q\u00eb i b\u00ebn shoq\u00ebri dhe ka nj\u00eb baba fantastik. Por djaloshi \u201cjetim\u201d ndihet gjithsesi i vetmuar. Derisa n\u00eb prag t\u00eb kat\u00ebrmb\u00ebdhjet\u00ebvjetorit, zemra i del nga kontrolli: nj\u00eb dit\u00eb, nj\u00eb vajz\u00eb shum\u00eb e \u00ebmb\u00ebl, \u00c7elestja, vjen n\u00eb klas\u00ebn e tij dhe ja ku ndizet shk\u00ebndija, duke shp\u00ebrndar\u00eb yje dhe zemra kudo! Por bukuroshja zhduket dhe k\u00ebrkimi i saj i d\u00ebshp\u00ebruar do t\u2019i zbuloj\u00eb djaloshit t\u00eb k\u00ebsaj historie t\u00eb gjitha plag\u00ebt e Planetit, q\u00eb duhet shp\u00ebtuar, ashtu si vet\u00eb \u00c7elestja&#8230;<\/p>\n","protected":false},"featured_media":5880,"template":"","meta":{"_acf_changed":false},"product_brand":[],"product_cat":[24],"product_tag":[],"class_list":{"0":"post-5879","1":"product","2":"type-product","3":"status-publish","4":"has-post-thumbnail","6":"book_author-timothee-de-fombelle","7":"product_cat-librat","9":"first","10":"instock","11":"shipping-taxable","12":"product-type-simple"},"acf":[],"_links":{"self":[{"href":"https:\/\/dituria.al\/changing-perceptions-through-literature\/wp-json\/wp\/v2\/product\/5879","targetHints":{"allow":["GET"]}}],"collection":[{"href":"https:\/\/dituria.al\/changing-perceptions-through-literature\/wp-json\/wp\/v2\/product"}],"about":[{"href":"https:\/\/dituria.al\/changing-perceptions-through-literature\/wp-json\/wp\/v2\/types\/product"}],"wp:featuredmedia":[{"embeddable":true,"href":"https:\/\/dituria.al\/changing-perceptions-through-literature\/wp-json\/wp\/v2\/media\/5880"}],"wp:attachment":[{"href":"https:\/\/dituria.al\/changing-perceptions-through-literature\/wp-json\/wp\/v2\/media?parent=5879"}],"wp:term":[{"taxonomy":"product_brand","embeddable":true,"href":"https:\/\/dituria.al\/changing-perceptions-through-literature\/wp-json\/wp\/v2\/product_brand?post=5879"},{"taxonomy":"product_cat","embeddable":true,"href":"https:\/\/dituria.al\/changing-perceptions-through-literature\/wp-json\/wp\/v2\/product_cat?post=5879"},{"taxonomy":"product_tag","embeddable":true,"href":"https:\/\/dituria.al\/changing-perceptions-through-literature\/wp-json\/wp\/v2\/product_tag?post=5879"}],"curies":[{"name":"wp","href":"https:\/\/api.w.org\/{rel}","templated":true}]}}