{"id":6059,"date":"2023-11-28T11:28:40","date_gmt":"2023-11-28T11:28:40","guid":{"rendered":"https:\/\/dituria.al\/changing-perceptions-through-literature\/?post_type=product&#038;p=6059"},"modified":"2023-11-28T11:41:19","modified_gmt":"2023-11-28T11:41:19","slug":"vera-kur-ime-me-i-kishte-syte-jeshile","status":"publish","type":"product","link":"https:\/\/dituria.al\/changing-perceptions-through-literature\/product\/vera-kur-ime-me-i-kishte-syte-jeshile\/","title":{"rendered":"VERA KUR IME M\u00cb I KISHTE SYT\u00cb JESHIL\u00cb"},"content":{"rendered":"","protected":false},"excerpt":{"rendered":"<p>Nga Tatiana Tibuleac<br \/>\nP\u00ebrktheu Maniela Sota<br \/>\n140 faqe<\/p>\n<p>Me k\u00ebt\u00eb histori p\u00ebr marr\u00ebdh\u00ebniet n\u00ebn\u00eb-bir, q\u00eb bashkon pendes\u00ebn, pamund\u00ebsin\u00eb dhe brisht\u00ebsin\u00eb, Tatiana \u0162\u00eebuleac tregon se talenti i saj lidhet jo vet\u00ebm me dram\u00ebn e fort\u00eb, por edhe me stilin dhe narracionin origjinal. Nj\u00eb roman q\u00eb t\u00eb prek n\u00eb zem\u00ebr dhe n\u00eb mendje, q\u00eb g\u00ebrsheton jet\u00ebn me vdekjen, n\u00eb nj\u00eb thirrje dashurie dhe faljeje. Nj\u00eb nga zbulimet m\u00eb t\u00eb m\u00ebdha t\u00eb let\u00ebrsis\u00eb s\u00eb sotme europiane.<\/p>\n<p>Aleksit i kujtohet ende vera e fundit q\u00eb kaloi me t\u00eb \u00ebm\u00ebn. Kan\u00eb kaluar shum\u00eb vjet q\u00eb at\u00ebher\u00eb, por, kur psikologu e k\u00ebshillon ta rijetoj\u00eb at\u00eb periudh\u00eb, n\u00eb m\u00ebnyr\u00eb q\u00eb t\u00eb arrij\u00eb t\u00eb kap\u00ebrcej\u00eb bllokimin krijues q\u00eb po p\u00ebrjeton si piktor, Aleksi nis nj\u00eb udh\u00ebtim q\u00eb do ta p\u00ebrball\u00eb me emocionet e ver\u00ebs kur ai dhe mamaja e tij mb\u00ebrrit\u00ebn n\u00eb nj\u00eb fshat pushimi n\u00eb Franc\u00eb&#8230;<\/p>\n<p>Si ta kap\u00ebrcesh vdekjen e nj\u00eb motre? Si mund ta fal\u00ebsh n\u00ebn\u00ebn, q\u00eb nuk t\u00eb ka pranuar kurr\u00eb? Si t\u00eb p\u00ebrballosh s\u00ebmundjen e saj, q\u00eb po e ha t\u00eb gjall\u00eb? Kjo \u00ebsht\u00eb historia e nj\u00eb vere pajtimi, prej tre muajsh, kur n\u00ebn\u00eb e bir p\u00ebrfundimisht ulin arm\u00ebt, t\u00eb shtyr\u00eb nga vdekja e pashmangshme dhe nevoja p\u00ebr t\u00eb b\u00ebr\u00eb paqe, midis tyre dhe me veten.<\/p>\n","protected":false},"featured_media":6060,"template":"","meta":{"_acf_changed":false},"product_brand":[],"product_cat":[21],"product_tag":[],"class_list":{"0":"post-6059","1":"product","2":"type-product","3":"status-publish","4":"has-post-thumbnail","6":"book_author-tatiana-tibuleac","7":"product_cat-uncategorized","9":"first","10":"instock","11":"shipping-taxable","12":"product-type-simple"},"acf":[],"_links":{"self":[{"href":"https:\/\/dituria.al\/changing-perceptions-through-literature\/wp-json\/wp\/v2\/product\/6059","targetHints":{"allow":["GET"]}}],"collection":[{"href":"https:\/\/dituria.al\/changing-perceptions-through-literature\/wp-json\/wp\/v2\/product"}],"about":[{"href":"https:\/\/dituria.al\/changing-perceptions-through-literature\/wp-json\/wp\/v2\/types\/product"}],"wp:featuredmedia":[{"embeddable":true,"href":"https:\/\/dituria.al\/changing-perceptions-through-literature\/wp-json\/wp\/v2\/media\/6060"}],"wp:attachment":[{"href":"https:\/\/dituria.al\/changing-perceptions-through-literature\/wp-json\/wp\/v2\/media?parent=6059"}],"wp:term":[{"taxonomy":"product_brand","embeddable":true,"href":"https:\/\/dituria.al\/changing-perceptions-through-literature\/wp-json\/wp\/v2\/product_brand?post=6059"},{"taxonomy":"product_cat","embeddable":true,"href":"https:\/\/dituria.al\/changing-perceptions-through-literature\/wp-json\/wp\/v2\/product_cat?post=6059"},{"taxonomy":"product_tag","embeddable":true,"href":"https:\/\/dituria.al\/changing-perceptions-through-literature\/wp-json\/wp\/v2\/product_tag?post=6059"}],"curies":[{"name":"wp","href":"https:\/\/api.w.org\/{rel}","templated":true}]}}