{"id":426,"date":"2019-07-05T08:45:58","date_gmt":"2019-07-05T08:45:58","guid":{"rendered":"http:\/\/dituria.al\/stories-of-human-fate\/?post_type=product&#038;p=426"},"modified":"2019-07-05T09:45:39","modified_gmt":"2019-07-05T09:45:39","slug":"ishulli-i-deshtimit","status":"publish","type":"product","link":"https:\/\/dituria.al\/stories-of-human-fate\/product\/ishulli-i-deshtimit\/","title":{"rendered":"Ishulli i D\u00ebshtimit"},"content":{"rendered":"","protected":false},"excerpt":{"rendered":"<p>&nbsp;<\/p>\n<p>Ina V\u00ebll\u00e7anova<\/p>\n<p>P\u00ebrktheu Rajna Kova\u00e7i<\/p>\n<p>700 lek\u00eb<\/p>\n<p>Ishulli i D\u00ebshtimit ka n\u00eb qend\u00ebr dy gra q\u00eb tregojn\u00eb historit\u00eb e veta. Megjith\u00ebse thuajse nuk e njohin nj\u00ebra-tjetr\u00ebn, mes tyre ekziston nj\u00eb lidhje magjike: nj\u00ebra prej tyre \u00ebsht\u00eb astrologe amatore dhe lexon n\u00eb horoskopin e tjetr\u00ebs p\u00ebr d\u00ebshtimin q\u00eb i kanoset asaj. Secila nga grat\u00eb di vet\u00ebm historin\u00eb e vet dhe cop\u00ebzat e rr\u00ebfimit: dy universe paralele, sa t\u00eb ndryshme, aq edhe t\u00eb ngjashme, duhet t\u00eb p\u00ebrshtaten n\u00eb nj\u00eb t\u00eb vetme nga lexuesi, si n\u00eb nj\u00eb puzzle. Jan\u00eb histori rreth grave, burrave, f\u00ebmij\u00ebve e maceve, si edhe nj\u00eb histori rreth ishullit t\u00eb larg\u00ebt magjeps\u00ebs, me sa duket ishulli kroat Krk n\u00eb detin Adriatik, ku mund t\u00eb ndodh\u00eb shkat\u00ebrrimi apo d\u00ebshtimi i parashikuar nga yjet. Historit\u00eb jan\u00eb rreth tok\u00ebs e detit, yjeve e diellit, dhomave e sht\u00ebpive; por kryesisht rreth marr\u00ebdh\u00ebnieve njer\u00ebzore, impulseve, frustrimeve, d\u00ebshirave e realitetit, dashuris\u00eb e tradhtive, rreth d\u00ebshirimit dhe pamund\u00ebsis\u00eb p\u00ebr t\u00eb \u00e7elur zemr\u00ebn.<br \/>\nRomani spikat n\u00eb saj\u00eb t\u00eb shkrirjes s\u00eb mpreht\u00eb t\u00eb dy historive dhe dy personazheve femra n\u00eb k\u00ebrkim t\u00eb identitetit t\u00eb tyre, duke krijuar nj\u00eb simbol t\u00eb ri ekzistencial. Duke dep\u00ebrtuar n\u00eb q\u00ebndrimet e personazheve, syri v\u00ebzhgues, pena mjesht\u00ebrore e mendjehapur e autores futet thell\u00eb n\u00eb rrethanat dhe mentalitetet n\u00eb ndryshim e sip\u00ebr n\u00eb vendet e Europ\u00ebs Lindore t\u00eb dit\u00ebve tona, duke na njohur n\u00eb m\u00ebnyr\u00eb mbres\u00ebl\u00ebn\u00ebse me psikologjin\u00eb e koh\u00ebs. N\u00ebse d\u00ebshtimi i parashikuar do t\u00eb prek\u00eb personazhet apo jo, k\u00ebt\u00eb lexuesi e zbulon n\u00eb faqen e fundit t\u00eb paparashikuar t\u00eb librit. Elementi befasues \u00ebsht\u00eb q\u00eb rr\u00ebfimi nuk tregon aspak historin\u00eb e nj\u00eb d\u00ebshtimi.<\/p>\n","protected":false},"featured_media":428,"template":"","meta":{"_acf_changed":false},"product_brand":[],"product_cat":[24],"product_tag":[],"class_list":{"0":"post-426","1":"product","2":"type-product","3":"status-publish","4":"has-post-thumbnail","6":"book_author-ina-vellcanova","7":"perkthyesi-rajna-kovaci","8":"product_cat-librat","10":"first","11":"instock","12":"shipping-taxable","13":"product-type-simple"},"acf":[],"_links":{"self":[{"href":"https:\/\/dituria.al\/stories-of-human-fate\/wp-json\/wp\/v2\/product\/426","targetHints":{"allow":["GET"]}}],"collection":[{"href":"https:\/\/dituria.al\/stories-of-human-fate\/wp-json\/wp\/v2\/product"}],"about":[{"href":"https:\/\/dituria.al\/stories-of-human-fate\/wp-json\/wp\/v2\/types\/product"}],"wp:featuredmedia":[{"embeddable":true,"href":"https:\/\/dituria.al\/stories-of-human-fate\/wp-json\/wp\/v2\/media\/428"}],"wp:attachment":[{"href":"https:\/\/dituria.al\/stories-of-human-fate\/wp-json\/wp\/v2\/media?parent=426"}],"wp:term":[{"taxonomy":"product_brand","embeddable":true,"href":"https:\/\/dituria.al\/stories-of-human-fate\/wp-json\/wp\/v2\/product_brand?post=426"},{"taxonomy":"product_cat","embeddable":true,"href":"https:\/\/dituria.al\/stories-of-human-fate\/wp-json\/wp\/v2\/product_cat?post=426"},{"taxonomy":"product_tag","embeddable":true,"href":"https:\/\/dituria.al\/stories-of-human-fate\/wp-json\/wp\/v2\/product_tag?post=426"}],"curies":[{"name":"wp","href":"https:\/\/api.w.org\/{rel}","templated":true}]}}