{"id":433,"date":"2019-07-05T12:34:42","date_gmt":"2019-07-05T12:34:42","guid":{"rendered":"http:\/\/dituria.al\/stories-of-human-fate\/?post_type=product&#038;p=433"},"modified":"2019-07-05T12:40:43","modified_gmt":"2019-07-05T12:40:43","slug":"udhetimi-i-mrekullueshem-i-poliksenes","status":"publish","type":"product","link":"https:\/\/dituria.al\/stories-of-human-fate\/product\/udhetimi-i-mrekullueshem-i-poliksenes\/","title":{"rendered":"Udh\u00ebtimi i mrekulluesh\u00ebm i Poliksen\u00ebs"},"content":{"rendered":"","protected":false},"excerpt":{"rendered":"<p style=\"line-height: 115%; background: white; margin: 0in 0in 4.6pt 0in;\"><span style=\"color: #1c1e21;\">Bianca Pitzorno<br \/>\n<\/span><\/p>\n<p style=\"line-height: 115%; background: white; margin: 0in 0in 4.6pt 0in;\"><span style=\"color: #1c1e21;\"><span class=\"textexposedshow\">P\u00ebrktheu Erion Kristo<\/span><br \/>\n<\/span><\/p>\n<p style=\"line-height: 115%; background: white; margin: 0in 0in 4.6pt 0in;\"><span style=\"color: #1c1e21;\"><span class=\"textexposedshow\">368 faqe<\/span><br \/>\n<\/span><\/p>\n<p style=\"line-height: 115%; background: white; margin: 0in 0in 4.6pt 0in;\"><span style=\"color: #1c1e21;\"><span class=\"textexposedshow\">900 lek\u00eb<\/span><\/span><\/p>\n<p>&nbsp;<\/p>\n<p style=\"background: white; margin: 0in 0in 4.6pt 0in;\"><span style=\"color: #1c1e21;\">Historia e f\u00ebmij\u00ebs s\u00eb humbur, t\u00eb rritur larg prind\u00ebrve dhe pastaj t\u00eb gjetur s\u00ebrish, \u00ebsht\u00eb nj\u00eb tem\u00eb e rrahur n\u00eb shum\u00eb nga romanet e shekullit XIX. Si\u00e7 duket, n\u00eb historin\u00eb e njer\u00ebzimit, t\u00eb gjith\u00eb prind\u00ebrit kan\u00eb pasur frik\u00eb se mos i humbasin f\u00ebmij\u00ebt e tyre dhe t\u00eb gjith\u00eb f\u00ebmij\u00ebt e kan\u00eb p\u00ebrjetuar k\u00ebt\u00eb frik\u00eb. E, p\u00ebr fat t\u00eb keq, kjo ngjet shpesh, si n\u00eb p\u00ebrrall\u00ebn e Gishtos, t\u00eb cilin babai dhe n\u00ebna nuk \u201ce humbin\u201d, por e braktisin, sepse jan\u00eb shum\u00eb t\u00eb skamur.<br \/>\nDhe \u00e7do f\u00ebmij\u00eb i braktisur, prind\u00ebrit q\u00eb nuk i ka njohur kurr\u00eb, i p\u00ebrfytyron si njer\u00ebz t\u00eb pasur e t\u00eb r\u00ebnd\u00ebsish\u00ebm, nga t\u00eb cil\u00ebt dikush i ka rr\u00ebmbyer.<br \/>\nRomane me histori t\u00eb tilla, t\u00eb rr\u00ebfyera n\u00eb variante t\u00eb ndryshme, kam l\u00eb\u00e7itur shum\u00eb. Aq shum\u00eb, saq\u00eb m&#8217;u mbush mendja t\u00eb arg\u00ebtohesha vet\u00eb dhe bashk\u00eb me mua lexuesit e vegj\u00ebl, duke shkruar nj\u00eb histori tjet\u00ebr, me shum\u00eb aventura, p\u00ebr udh\u00ebtimin e mrekulluesh\u00ebm t\u00eb Poliksen\u00ebs.<br \/>\nPoliksena nuk merr nga murgeshat q\u00eb e kan\u00eb gjetur t\u00eb vog\u00ebl, vet\u00ebm nj\u00eb shenj\u00eb \u201cnjohjeje\u201d, por disa. Dhe n\u00eb rrug\u00ebtimin e vet, has nj\u00eb mori njer\u00ebzish q\u00eb \u201cmund\u201d t\u00eb jen\u00eb n\u00ebna ose babai i saj, por \u00e7do gjurm\u00eb del e rreme.<br \/>\nPoliksena i p\u00ebr\u00e7mon t\u00eb tjer\u00ebt dhe, sikurse shum\u00eb bashk\u00ebmoshatare t\u00eb saj sot, \u00ebnd\u00ebrron t\u00eb jet\u00eb princesh\u00eb. Princesha e v\u00ebrtet\u00eb \u00ebsht\u00eb m\u00eb e arsyeshme sesa ajo, kurse vajza e tret\u00eb q\u00eb \u00ebsht\u00eb princesh\u00eb, nd\u00ebrkoh\u00eb, e ka m\u00ebsuar se kur pasuria dhe pushteti keqp\u00ebrdoren, mund t\u2019i b\u00ebjn\u00eb t\u00eb tjer\u00ebt t\u00eb palumtur dhe skllev\u00ebr.<\/span><\/p>\n","protected":false},"featured_media":434,"template":"","meta":{"_acf_changed":false},"product_brand":[],"product_cat":[24],"product_tag":[],"class_list":{"0":"post-433","1":"product","2":"type-product","3":"status-publish","4":"has-post-thumbnail","6":"book_author-bianca-pitzorno","7":"perkthyesi-erion-kristo","8":"product_cat-librat","10":"first","11":"instock","12":"shipping-taxable","13":"product-type-simple"},"acf":[],"_links":{"self":[{"href":"https:\/\/dituria.al\/stories-of-human-fate\/wp-json\/wp\/v2\/product\/433","targetHints":{"allow":["GET"]}}],"collection":[{"href":"https:\/\/dituria.al\/stories-of-human-fate\/wp-json\/wp\/v2\/product"}],"about":[{"href":"https:\/\/dituria.al\/stories-of-human-fate\/wp-json\/wp\/v2\/types\/product"}],"wp:featuredmedia":[{"embeddable":true,"href":"https:\/\/dituria.al\/stories-of-human-fate\/wp-json\/wp\/v2\/media\/434"}],"wp:attachment":[{"href":"https:\/\/dituria.al\/stories-of-human-fate\/wp-json\/wp\/v2\/media?parent=433"}],"wp:term":[{"taxonomy":"product_brand","embeddable":true,"href":"https:\/\/dituria.al\/stories-of-human-fate\/wp-json\/wp\/v2\/product_brand?post=433"},{"taxonomy":"product_cat","embeddable":true,"href":"https:\/\/dituria.al\/stories-of-human-fate\/wp-json\/wp\/v2\/product_cat?post=433"},{"taxonomy":"product_tag","embeddable":true,"href":"https:\/\/dituria.al\/stories-of-human-fate\/wp-json\/wp\/v2\/product_tag?post=433"}],"curies":[{"name":"wp","href":"https:\/\/api.w.org\/{rel}","templated":true}]}}