{"id":704,"date":"2019-10-04T06:40:20","date_gmt":"2019-10-04T06:40:20","guid":{"rendered":"http:\/\/dituria.al\/stories-of-human-fate\/?post_type=product&#038;p=704"},"modified":"2019-10-04T07:14:55","modified_gmt":"2019-10-04T07:14:55","slug":"ate-nate-e-pashe","status":"publish","type":"product","link":"https:\/\/dituria.al\/stories-of-human-fate\/product\/ate-nate-e-pashe\/","title":{"rendered":"At\u00eb nat\u00eb e pash\u00eb"},"content":{"rendered":"","protected":false},"excerpt":{"rendered":"<p>Drago Jan\u010dar<br \/>\nP\u00ebrktheu Nikoll\u00eb Berishaj<br \/>\nKopertina Besim Tula<br \/>\n216 faqe<br \/>\n\u00c7mimi 700 lek\u00eb<\/p>\n<p>At\u00eb nat\u00eb e pash\u00eb \u00ebsht\u00eb nj\u00eb histori q\u00eb rr\u00ebfehet p\u00ebrmes k\u00ebndv\u00ebshtrimit t\u00eb pes\u00eb personazheve t\u00eb ndryshme, t\u00eb cil\u00ebt flasin p\u00ebr veten dhe koh\u00ebrat e trazuara n\u00eb t\u00eb cilat jetuan. Roman i fort\u00eb, i shkruar n\u00eb nj\u00eb m\u00ebnyr\u00eb befasuese dhe i rrjedhsh\u00ebm, \u201cme bukuri \u00e7armatuese\u201d, si\u00e7 e kan\u00eb konsideruar, q\u00eb trajton nj\u00eb tem\u00eb q\u00eb nuk \u00ebsht\u00eb e leht\u00eb, flet p\u00ebr nj\u00eb histori dashurie n\u00eb koh\u00eb lufte, n\u00eb vitet e Luft\u00ebs s\u00eb Dyt\u00eb Bot\u00ebrore, n\u00eb Slloveni. N\u00eb qend\u00ebr \u00ebsht\u00eb Veronika Zarniku, borgjeze nga Ljubljana, personazh interesant, hera her\u00ebs i \u00e7uditsh\u00ebm, q\u00eb dashuron e dashurohet, q\u00eb buz\u00ebqesh n\u00eb m\u00ebnyr\u00eb enigmatike dhe q\u00eb jeton sikur pas dyerve t\u00eb banes\u00ebs s\u00eb saj &#8211; k\u00ebshtjell\u00eb t\u00eb mos vriteshin njer\u00ebz e t\u00eb mos ndesheshin ushtri, sepse ajo \u201cdo thjesht t\u00eb jetoj\u00eb, t\u00eb g\u00ebzoj\u00eb\u201d jet\u00ebn. Por n\u00eb nj\u00eb sken\u00eb tragjike, n\u00eb vorbull\u00ebn e nj\u00eb periudhe t\u00eb trazuar n\u00eb histori, t\u00eb pushtimit fashist dhe nazist t\u00eb territorit slloven, \u201cthjesht\u201d t\u00eb jetosh \u00ebsht\u00eb nj\u00eb iluzion. Gruaja zhduket n\u00eb stuhin\u00eb e luft\u00ebs civile, e akuzuar p\u00ebr kolaboracioniz\u00ebm dhe e eliminuar nga partizan\u00ebt.<br \/>\nLibri i D. Jan\u010dar \u00ebsht\u00eb nj\u00eb nga veprat m\u00eb t\u00eb rafinuara t\u00eb let\u00ebrsis\u00eb moderne europiane, me nj\u00eb v\u00ebshtrim t\u00eb v\u00ebmendsh\u00ebm p\u00ebr historin\u00eb dhe aur\u00ebn e misterit q\u00eb karakterizon hijeshin\u00eb fem\u00ebrore. Nj\u00eb roman i v\u00ebrtet\u00eb, si pak t\u00eb tjer\u00eb.<\/p>\n","protected":false},"featured_media":705,"template":"","meta":{"_acf_changed":false},"product_brand":[],"product_cat":[24],"product_tag":[],"class_list":{"0":"post-704","1":"product","2":"type-product","3":"status-publish","4":"has-post-thumbnail","6":"book_author-drago-jancar","7":"perkthyesi-nikolle-berishaj","8":"product_cat-librat","10":"first","11":"instock","12":"shipping-taxable","13":"product-type-simple"},"acf":[],"_links":{"self":[{"href":"https:\/\/dituria.al\/stories-of-human-fate\/wp-json\/wp\/v2\/product\/704","targetHints":{"allow":["GET"]}}],"collection":[{"href":"https:\/\/dituria.al\/stories-of-human-fate\/wp-json\/wp\/v2\/product"}],"about":[{"href":"https:\/\/dituria.al\/stories-of-human-fate\/wp-json\/wp\/v2\/types\/product"}],"wp:featuredmedia":[{"embeddable":true,"href":"https:\/\/dituria.al\/stories-of-human-fate\/wp-json\/wp\/v2\/media\/705"}],"wp:attachment":[{"href":"https:\/\/dituria.al\/stories-of-human-fate\/wp-json\/wp\/v2\/media?parent=704"}],"wp:term":[{"taxonomy":"product_brand","embeddable":true,"href":"https:\/\/dituria.al\/stories-of-human-fate\/wp-json\/wp\/v2\/product_brand?post=704"},{"taxonomy":"product_cat","embeddable":true,"href":"https:\/\/dituria.al\/stories-of-human-fate\/wp-json\/wp\/v2\/product_cat?post=704"},{"taxonomy":"product_tag","embeddable":true,"href":"https:\/\/dituria.al\/stories-of-human-fate\/wp-json\/wp\/v2\/product_tag?post=704"}],"curies":[{"name":"wp","href":"https:\/\/api.w.org\/{rel}","templated":true}]}}