{"id":844,"date":"2019-11-11T12:35:28","date_gmt":"2019-11-11T12:35:28","guid":{"rendered":"http:\/\/dituria.al\/stories-of-human-fate\/?post_type=product&#038;p=844"},"modified":"2020-07-03T14:05:18","modified_gmt":"2020-07-03T14:05:18","slug":"cunat-nuk-qajne","status":"publish","type":"product","link":"https:\/\/dituria.al\/stories-of-human-fate\/product\/cunat-nuk-qajne\/","title":{"rendered":"\u00c7unat nuk qajn\u00eb"},"content":{"rendered":"","protected":false},"excerpt":{"rendered":"<p>Malorie Blackman<br \/>\nP\u00ebrktheu Virgjil Mu\u00e7i<br \/>\n328 faqe<br \/>\n900 lek\u00eb<\/p>\n<p>&#8220;Trupi i saj i puthitur pas timit ishte i ngroht\u00eb. Flok\u00ebt e saj te mjekra ime ishin t\u00eb but\u00eb e t\u00eb m\u00ebndafsht\u00eb. Por un\u00eb e urreja.&#8221; Jan\u00eb fjal\u00ebt e Dantes, personazhit kryesor t\u00eb k\u00ebtij romani emocionues, nx\u00ebn\u00ebs n\u00eb vitin e fundit t\u00eb shkoll\u00ebs s\u00eb mesme. Po mban n\u00eb duar nj\u00eb foshnj\u00eb, p\u00ebr t\u00eb cil\u00ebn m\u00eb par\u00eb nuk dinte asgj\u00eb dhe q\u00eb, papritmas, e dashura e dikurshme ia l\u00eb n\u00eb der\u00eb!<br \/>\nN\u00ebna e Dantes nuk jeton prej koh\u00ebsh dhe i ati, i kujdessh\u00ebm, por i rrept\u00eb, nuk \u00ebsht\u00eb nga ata q\u00eb l\u00eb shteg p\u00ebr t&#8217;i ikur p\u00ebrgjegj\u00ebsis\u00eb, k\u00ebshtu q\u00eb Dante duhet t&#8217;i harroj\u00eb nj\u00eb her\u00eb p\u00ebr nj\u00eb her\u00eb, me gjith\u00eb d\u00ebftes\u00ebn e tij me kat\u00ebr yje &#8220;A&#8221;, planet e universitetit: shkollimi i lart\u00eb, karriera si gazetar, nj\u00eb e ardhme vezulluese fluturon e zhduket. Dante b\u00ebhet baba i vet\u00ebm, disa jav\u00eb para dit\u00eblindjes s\u00eb tij t\u00eb 18. Sikur t\u00eb mos mjaftonte kjo, i v\u00ebllai, Adami, rrihet p\u00ebr vdekje nga nj\u00eb grup djemsh &#8230;<br \/>\n Malorie Blackmani ka krijuar nj\u00eb histori realiste p\u00ebr at\u00eb q\u00eb ndodh n\u00eb shoq\u00ebri tani. Jo nj\u00eb histori t\u00eb sheqerosur, por thjesht si\u00e7 ndodh p\u00ebrnj\u00ebmend. Ngjarje, me t\u00eb cilat njer\u00ebzit p\u00ebrballen \u00e7do dit\u00eb. Prind\u00ebr adoleshent\u00eb t\u00eb vet\u00ebm. Sjellje homofobike ndaj m\u00eb t\u00eb dobt\u00ebve. E megjithat\u00eb, ajo arrin t\u00eb krijoj\u00eb nj\u00eb histori plot shpres\u00eb, dashuri dhe humor q\u00eb t\u00eb b\u00ebn t\u00eb qash e t\u00eb jesh i lumtur, s\u00eb bashku me personazhet. Romani i ri dramatik i Blackmanit do t&#8217;ju shoq\u00ebroj\u00eb n\u00eb nj\u00eb udh\u00ebtim t\u00eb v\u00ebshtir\u00eb t\u00eb jet\u00ebs s\u00eb adoleshent\u00ebve sot&#8230;<br \/>\n\u2003<\/p>\n","protected":false},"featured_media":846,"template":"","meta":{"_acf_changed":false},"product_brand":[],"product_cat":[24],"product_tag":[],"class_list":{"0":"post-844","1":"product","2":"type-product","3":"status-publish","4":"has-post-thumbnail","6":"book_author-malorie-blackman","7":"perkthyesi-virgjil-muci","8":"product_cat-librat","10":"first","11":"instock","12":"shipping-taxable","13":"product-type-simple"},"acf":[],"_links":{"self":[{"href":"https:\/\/dituria.al\/stories-of-human-fate\/wp-json\/wp\/v2\/product\/844","targetHints":{"allow":["GET"]}}],"collection":[{"href":"https:\/\/dituria.al\/stories-of-human-fate\/wp-json\/wp\/v2\/product"}],"about":[{"href":"https:\/\/dituria.al\/stories-of-human-fate\/wp-json\/wp\/v2\/types\/product"}],"wp:featuredmedia":[{"embeddable":true,"href":"https:\/\/dituria.al\/stories-of-human-fate\/wp-json\/wp\/v2\/media\/846"}],"wp:attachment":[{"href":"https:\/\/dituria.al\/stories-of-human-fate\/wp-json\/wp\/v2\/media?parent=844"}],"wp:term":[{"taxonomy":"product_brand","embeddable":true,"href":"https:\/\/dituria.al\/stories-of-human-fate\/wp-json\/wp\/v2\/product_brand?post=844"},{"taxonomy":"product_cat","embeddable":true,"href":"https:\/\/dituria.al\/stories-of-human-fate\/wp-json\/wp\/v2\/product_cat?post=844"},{"taxonomy":"product_tag","embeddable":true,"href":"https:\/\/dituria.al\/stories-of-human-fate\/wp-json\/wp\/v2\/product_tag?post=844"}],"curies":[{"name":"wp","href":"https:\/\/api.w.org\/{rel}","templated":true}]}}