{"id":858,"date":"2019-11-11T12:52:20","date_gmt":"2019-11-11T12:52:20","guid":{"rendered":"http:\/\/dituria.al\/stories-of-human-fate\/?post_type=product&#038;p=858"},"modified":"2020-07-02T12:25:33","modified_gmt":"2020-07-02T12:25:33","slug":"labirinti-i-shpirtrave","status":"publish","type":"product","link":"https:\/\/dituria.al\/stories-of-human-fate\/product\/labirinti-i-shpirtrave\/","title":{"rendered":"Labirinti i Shpirtrave"},"content":{"rendered":"","protected":false},"excerpt":{"rendered":"<p>Carlos Ruiz Zaf\u00f3n<br \/>\nP\u00ebrktheu Flavia Kaba<br \/>\n716 faqe<br \/>\n1800 lek\u00eb<\/p>\n<p>Barcelon\u00eb, fund i viteve \u201850. Daniel Sempere nuk \u00ebsht\u00eb m\u00eb djali q\u00eb kemi njohur mes tuneleve t\u00eb pafundme t\u00eb Varrez\u00ebs s\u00eb Librave t\u00eb Harruar, n\u00eb k\u00ebrkim t\u00eb librit q\u00eb do t\u2019i ndryshonte jet\u00ebn. Misteri i vdekjes s\u00eb n\u00ebn\u00ebs s\u00eb tij, Izabel\u00ebs, ka hapur nj\u00eb humner\u00eb dhe i ka trazuar shpirtin, nj\u00eb humner\u00eb nga e cila gruaja e tij, Bea, dhe miku besnik, Fermini, po p\u00ebrpiqen ta shp\u00ebtojn\u00eb.<br \/>\nPik\u00ebrisht kur Danieli beson se \u00ebsht\u00eb nj\u00eb hap larg zgjidhjes s\u00eb enigm\u00ebs, nj\u00eb komplot edhe m\u00eb i err\u00ebt, edhe m\u00eb misterioz nga sa mund ta imagjinonte, shtrihet dhe p\u00ebrfshin edhe t\u00eb, nj\u00eb komplot q\u00eb z\u00eb fill n\u00eb zyrat e Regjimit. Dhe n\u00eb k\u00ebt\u00eb \u00e7ast shfaqet Alisia Grisi, nj\u00eb shpirt i dal\u00eb nga hijet e luft\u00ebs, q\u00eb do ta \u00e7oj\u00eb Danielin n\u00eb zemr\u00ebn e err\u00ebsir\u00ebs p\u00ebr t\u00eb zbuluar historin\u00eb e fsheht\u00eb t\u00eb familjes, edhe pse \u00e7mimi p\u00ebr t\u2019u paguar do t\u00eb jet\u00eb shum\u00eb i lart\u00eb.<br \/>\nLabirinti i Shpirtrave \u00ebsht\u00eb nj\u00eb roman pasionant, plot intriga dhe aventura. P\u00ebrmes k\u00ebtyre faqeve do t\u00eb zbulojm\u00eb finalen madh\u00ebshtore t\u00eb sag\u00ebs, q\u00eb ka filluar me Hijen e er\u00ebs, e cila arrin k\u00ebtu kulmin e forc\u00ebs dhe nj\u00ebkoh\u00ebsisht i ngre nj\u00eb himn madh\u00ebshtor bot\u00ebs s\u00eb librave, artit t\u00eb rr\u00ebfimit dhe lidhjes magjike midis letersise dhe jetes.<\/p>\n","protected":false},"featured_media":859,"template":"","meta":{"_acf_changed":false},"product_brand":[],"product_cat":[24],"product_tag":[],"class_list":{"0":"post-858","1":"product","2":"type-product","3":"status-publish","4":"has-post-thumbnail","6":"book_author-carlos-ruiz-zafon","7":"perkthyesi-flavia-kaba","8":"product_cat-librat","10":"first","11":"instock","12":"shipping-taxable","13":"product-type-simple"},"acf":[],"_links":{"self":[{"href":"https:\/\/dituria.al\/stories-of-human-fate\/wp-json\/wp\/v2\/product\/858","targetHints":{"allow":["GET"]}}],"collection":[{"href":"https:\/\/dituria.al\/stories-of-human-fate\/wp-json\/wp\/v2\/product"}],"about":[{"href":"https:\/\/dituria.al\/stories-of-human-fate\/wp-json\/wp\/v2\/types\/product"}],"wp:featuredmedia":[{"embeddable":true,"href":"https:\/\/dituria.al\/stories-of-human-fate\/wp-json\/wp\/v2\/media\/859"}],"wp:attachment":[{"href":"https:\/\/dituria.al\/stories-of-human-fate\/wp-json\/wp\/v2\/media?parent=858"}],"wp:term":[{"taxonomy":"product_brand","embeddable":true,"href":"https:\/\/dituria.al\/stories-of-human-fate\/wp-json\/wp\/v2\/product_brand?post=858"},{"taxonomy":"product_cat","embeddable":true,"href":"https:\/\/dituria.al\/stories-of-human-fate\/wp-json\/wp\/v2\/product_cat?post=858"},{"taxonomy":"product_tag","embeddable":true,"href":"https:\/\/dituria.al\/stories-of-human-fate\/wp-json\/wp\/v2\/product_tag?post=858"}],"curies":[{"name":"wp","href":"https:\/\/api.w.org\/{rel}","templated":true}]}}