{"id":865,"date":"2019-11-20T09:44:04","date_gmt":"2019-11-20T09:44:04","guid":{"rendered":"http:\/\/dituria.al\/stories-of-human-fate\/?post_type=product&#038;p=865"},"modified":"2020-07-02T12:04:40","modified_gmt":"2020-07-02T12:04:40","slug":"mysafire-me-pagese","status":"publish","type":"product","link":"https:\/\/dituria.al\/stories-of-human-fate\/product\/mysafire-me-pagese\/","title":{"rendered":"Mysafir\u00eb me pages\u00eb"},"content":{"rendered":"","protected":false},"excerpt":{"rendered":"<p>Sarah Waters<br \/>\nP\u00ebrktheu Kujtim Ymeri<br \/>\nKopertina 1250 lek\u00eb<br \/>\n600 faqe<\/p>\n<p>Nj\u00eb roman i jasht\u00ebzakonsh\u00ebm, mjesht\u00ebror, i narrativ\u00ebs s\u00eb shk\u00eblqyer, sensualitetit dhe dramacitetit psikologjik, shkruar nga autorja e bestseller\u00ebve nd\u00ebrkomb\u00ebtar\u00eb, Sarah Waters.<\/p>\n<p>\u00cbsht\u00eb viti 1922 dhe Londra \u00ebsht\u00eb e tensionuar. Ish-ushtarak\u00ebt jan\u00eb t\u00eb zhg\u00ebnjyer, t\u00eb papun\u00ebt dhe t\u00eb uriturit k\u00ebrkojn\u00eb ndryshim. N\u00eb jug t\u00eb Londr\u00ebs, n\u00eb nj\u00eb sht\u00ebpi t\u00eb madhe t\u00eb heshtur, tani pa v\u00ebllez\u00ebr, pa bashk\u00ebshort e madje pa sh\u00ebrb\u00ebtor\u00eb, jeta do t\u00eb ndryshoj\u00eb, pasi zonja Rej dhe e bija, Frensisi, p\u00ebr t\u00eb mbijetuar, do t\u00eb detyrohen t\u00eb japin nj\u00eb pjes\u00eb t\u00eb sht\u00ebpis\u00eb, befas shum\u00eb e madhe p\u00ebr dy vet\u00eb, p\u00ebr qiramarr\u00ebs ose, si quhen p\u00ebr t\u00eb p\u00ebrdorur nj\u00eb term \u201cpolitikisht t\u00eb sakt\u00eb\u201d, mysafir\u00eb me pages\u00eb. Me ardhjen e Lilien dhe Leonard Barberit, nj\u00eb \u00e7ift bashk\u00ebshort\u00ebsh t\u00eb rinj, rutina e sht\u00ebpis\u00eb dhe jeta e banor\u00ebve t\u00eb saj do t\u00eb tronditen papritur. Dhe nd\u00ebrsa pasionet rriten dhe zhg\u00ebnjimet b\u00ebhen mal, askush nuk mund t\u00eb parashikoj\u00eb se sa larg dhe sa shkat\u00ebrruese do t\u00eb b\u00ebhen ngjarjet. Me mjesht\u00ebrin\u00eb e rr\u00ebfimit, q\u00eb e b\u00ebri kaq t\u00eb<\/p>\n<p>dashur e t\u00eb vler\u00ebsuar p\u00ebr lexuesin e kritik\u00ebn, Sarah Waters sjell nj\u00eb histori t\u00ebrheq\u00ebse p\u00ebr pasionin dashuror, d\u00ebshirat e parr\u00ebfyera dhe pasojat e tyre trondit\u00ebse. Nj\u00eb roman i mpreht\u00eb, q\u00eb n\u00eb atmosfer\u00ebn e nj\u00eb epoke historike p\u00ebrshkruan personazhe q\u00eb mbeten n\u00eb zemr\u00ebn dhe kujtes\u00ebn e lexuesit, kaq t\u00eb gjalla, kaq t\u00eb mir\u00ebfillta n\u00eb ethen e tyre dramatike p\u00ebr lumturi, n\u00eb k\u00ebt\u00eb kryevep\u00ebr t\u00eb tensionit psikologjik dhe thell\u00ebsis\u00eb emocionale.<\/p>\n","protected":false},"featured_media":867,"template":"","meta":{"_acf_changed":false},"product_brand":[],"product_cat":[24],"product_tag":[],"class_list":{"0":"post-865","1":"product","2":"type-product","3":"status-publish","4":"has-post-thumbnail","6":"book_author-sarah-waters","7":"perkthyesi-kujtim-ymeri","8":"product_cat-librat","10":"first","11":"instock","12":"shipping-taxable","13":"product-type-simple"},"acf":[],"_links":{"self":[{"href":"https:\/\/dituria.al\/stories-of-human-fate\/wp-json\/wp\/v2\/product\/865","targetHints":{"allow":["GET"]}}],"collection":[{"href":"https:\/\/dituria.al\/stories-of-human-fate\/wp-json\/wp\/v2\/product"}],"about":[{"href":"https:\/\/dituria.al\/stories-of-human-fate\/wp-json\/wp\/v2\/types\/product"}],"wp:featuredmedia":[{"embeddable":true,"href":"https:\/\/dituria.al\/stories-of-human-fate\/wp-json\/wp\/v2\/media\/867"}],"wp:attachment":[{"href":"https:\/\/dituria.al\/stories-of-human-fate\/wp-json\/wp\/v2\/media?parent=865"}],"wp:term":[{"taxonomy":"product_brand","embeddable":true,"href":"https:\/\/dituria.al\/stories-of-human-fate\/wp-json\/wp\/v2\/product_brand?post=865"},{"taxonomy":"product_cat","embeddable":true,"href":"https:\/\/dituria.al\/stories-of-human-fate\/wp-json\/wp\/v2\/product_cat?post=865"},{"taxonomy":"product_tag","embeddable":true,"href":"https:\/\/dituria.al\/stories-of-human-fate\/wp-json\/wp\/v2\/product_tag?post=865"}],"curies":[{"name":"wp","href":"https:\/\/api.w.org\/{rel}","templated":true}]}}